{"id":113,"date":"2017-06-27T14:03:35","date_gmt":"2017-06-27T14:03:35","guid":{"rendered":"http:\/\/healingroomskatwijkeo.nl\/?page_id=113"},"modified":"2017-06-27T14:03:35","modified_gmt":"2017-06-27T14:03:35","slug":"de-nieuwe-mens","status":"publish","type":"page","link":"http:\/\/healingroomskatwijkeo.nl\/?page_id=113","title":{"rendered":"DE NIEUWE MENS"},"content":{"rendered":"<p><span style=\"color: #2b2b2b;\"><span style=\"font-size: medium;\">Als er \u00e9\u00e9n onderwerp is waar de apostelen van Jezus zich druk\u00a0over maakten, dan was het wel het onderwijs over \u2018de nieuwe mens\u2019. Waarom is het toch niet zo\u2019n bekend begrip?<\/span><\/span><\/p>\n<p><span style=\"color: #2b2b2b;\"><span style=\"font-size: medium;\">Misschien komt het\u00a0omdat onder de vlag van \u2018de nieuwe mens\u2019 een hele wereld nog te ontdekken is. De nieuwe mens is een verzamelbegrip. Veel onderwerpen in de\u00a0Bijbel\u00a0vallen onder het begrip \u2018de nieuwe mens\u2019.<\/span><\/span><\/p>\n<p><span style=\"color: #2b2b2b;\"><span style=\"font-size: medium;\">Ten tweede gebruiken de apostelen ook verschillende\u00a0begrippen, waardoor\u00a0het onderwerp wat onzichtbaar kan zijn gebleven.\u00a0Paulus zelf schrijft ook over de nieuwe schepping. En om een nieuwe mens of schepping te worden moet je een soort van geboorte ondergaan. Je moet opnieuw worden geboren en dan wel \u2018van boven\u2019, uit de Geest\u00a0of uit God. Daarmee\u00a0ben je ook een kind van God of een zoon\/dochter van God.<\/span><\/span><\/p>\n<p><span style=\"color: #2b2b2b;\"><span style=\"font-size: medium;\">Welk begrip kunnen we\u00a0voor dit onderwerp het best gebruiken?\u00a0De meest gebruikelijke naam voor dit onderwerp in de kerk is\u00a0het begrip\u00a0\u2018wedergeboorte\u2019. Ook kan je het begrip nieuwe mens gebruiken, duidelijk en aansprekend.<\/span><\/span><\/p>\n<p><span style=\"font-size: medium;\"><b><span style=\"color: #2b2b2b;\">Initiatief<br \/>\n<\/span><\/b><\/span><span style=\"color: #2b2b2b;\"><span style=\"font-size: medium;\">Wie is verantwoordelijk voor die geboorte\u00a0van\u00a0de nieuw<\/span><\/span><span style=\"color: #2b2b2b;\"><span style=\"font-size: medium;\">e<\/span><\/span><span style=\"color: #2b2b2b;\"><span style=\"font-size: medium;\"> mens? Wie heeft het initiatief? Zoals zo vaak bij geestelijke zaken is ook deze geboorte een samenwerking tussen God en de mensen. Je zou kunnen zeggen dat God het initiatief neemt en dat de mens het initiatief overneemt.\u00a0De apostel Johannes schrijft in zijn evangelie 1:13 \u2018Zij zijn niet op natuurlijke wijze geboren, niet uit lichamelijk verlangen of uit de wil van een man, maar uit God\u2019. En Paulus spreek erover dat we de nieuwe mens moeten aantrekken.<\/span><\/span><\/p>\n<p><span style=\"font-size: medium;\"><b><span style=\"color: #2b2b2b;\">Gesprek van Jezus met Nikodemus<\/span><\/b><\/span><span style=\"color: #2b2b2b;\"><span style=\"font-size: medium;\"><br \/>\nDit onderwerp nieuwe mensen wordt door Jezus zelf ge\u00efntroduceerd. In een nachtelijk gesprek met \u00e9\u00e9n persoon, namelijk Nikodemus. Hier het verslag van dat gesprek. \u2018Zo was er een farizee\u00ebr, een van de Joodse leiders, met de naam Nikodemus. Hij kwam in de nacht naar Jezus toe. \u2018Rabbi,\u2019 zei hij, \u2018wij weten dat u een leraar bent die van God gekomen is, want alleen met Gods hulp kan iemand de wondertekenen doen die u verricht.\u2019 Jezus zei: \u2018Waarachtig, ik verzeker u: alleen wie\u00a0<\/span><\/span><span style=\"font-size: medium;\"><u><span style=\"color: #2b2b2b;\">opnieuw wordt geboren<\/span><\/u><\/span><span style=\"color: #2b2b2b;\"><span style=\"font-size: medium;\">, kan het koninkrijk van God zien.\u2019 \u2018Hoe kan iemand geboren worden als hij al oud is?\u2019 vroeg Nikodemus. \u2018Hij kan toch niet voor de tweede keer de moederschoot ingaan en weer geboren worden?\u2019 Jezus antwoordde: \u2018Waarachtig, Ik verzeker u: niemand kan het koninkrijk van God binnengaan, tenzij hij\u00a0<\/span><\/span><span style=\"font-size: medium;\"><u><span style=\"color: #2b2b2b;\">geboren wordt uit water en geest<\/span><\/u><\/span><span style=\"color: #2b2b2b;\"><span style=\"font-size: medium;\">. Wat geboren is uit een mens is menselijk, en wat\u00a0<\/span><\/span><span style=\"font-size: medium;\"><u><span style=\"color: #2b2b2b;\">geboren is uit de Geest<\/span><\/u><\/span><span style=\"color: #2b2b2b;\"><span style=\"font-size: medium;\">\u00a0is geestelijk. Wees niet verbaasd dat Ik zei dat jullie allemaal\u00a0<\/span><\/span><span style=\"font-size: medium;\"><u><span style=\"color: #2b2b2b;\">opnieuw geboren moeten worden<\/span><\/u><\/span><span style=\"color: #2b2b2b;\"><span style=\"font-size: medium;\">. De wind waait waarheen hij wil; je hoort zijn geluid, maar je weet niet waar hij vandaan komt en waar hij heen gaat. Zo is het ook met iedereen die uit de Geest geboren is.\u2019 \u2018Maar hoe kan dat?\u2019 vroeg Nikodemus. \u2018Begrijpt u dit niet,\u2019 zei Jezus, \u2018terwijl u een leraar van Isra\u00ebl bent?\u2019 (Johannes 3:1-9)<\/span><\/span><\/p>\n<p><span style=\"font-size: medium;\"><b><span style=\"color: #2b2b2b;\">Nieuwe mens<\/span><\/b><\/span><span style=\"font-size: medium;\"><u><b><span style=\"color: #2b2b2b;\"><br \/>\n<\/span><\/b><\/u><\/span><span style=\"color: #2b2b2b;\"><span style=\"font-size: medium;\">Jezus spreekt ervan dat je opnieuw geboren moet worden, namelijk uit de Geest. Wat ben je dan? De apostel Paulus verbindt er een nieuwe begrip aan. Je bent dan de nieuwe mens.<br \/>\nHet begrip \u2018nieuwe mens\u2019 gebruikt Paulus drie keer:<br \/>\nEfezi\u00ebrs 2:15b, 16 \u2018\u2026.. om uit die twee (uit Isra\u00ebl en de volken) in zichzelf \u00e9\u00e9n nieuwe mens te scheppen. Zo bracht Hij vrede en verzoende Hij door het kruis beide in \u00e9\u00e9n lichaam met God, door in Zijn lichaam de vijandschap (tussen Isra\u00ebl en de volken) te doden\u2019.<br \/>\nEfezi\u00ebrs 4:24 \u2018en dat u de nieuwe mens moet aantrekken, die naar Gods wil geschapen is in waarachtige rechtvaardigheid en heiligheid\u2019.<br \/>\nKolossenzen 3:10 \u2018en de nieuwe mens hebt aangetrokken, die steeds vernieuwd wordt naar het beeld van zijn Schepper en zo tot inzicht komt\u2019.<\/span><\/span><\/p>\n<p><span style=\"font-size: medium;\"><b><span style=\"color: #2b2b2b;\">N<\/span><\/b><\/span><span style=\"font-size: medium;\"><b><span style=\"color: #2b2b2b;\">ieuwe schepping<br \/>\n<\/span><\/b><\/span><span style=\"color: #2b2b2b;\"><span style=\"font-size: medium;\">De apostel gebruikt ook nog een andere variant op nieuwe mens, namelijk dat je ook een nieuwe schepping wordt. Dat begrip kom je twee keer tegen:<br \/>\n2 Korinti\u00ebrs 5:17 \u2018Daarom ook is iemand die \u00e9\u00e9n met Christus is, een nieuwe schepping. Het oude is voorbij, het nieuwe is gekomen\u2019.<br \/>\nGalaten 6:15 \u2018Het is volkomen onbelangrijk of men wel of niet besneden is, belangrijk is dat men een nieuwe schepping is. <\/span><\/span><\/p>\n<h1 class=\"western\"><img decoding=\"async\" loading=\"lazy\" class=\"alignnone size-full wp-image-114\" src=\"http:\/\/healingroomskatwijkeo.nl\/wp-content\/uploads\/2017\/06\/1.png\" alt=\"\" width=\"285\" height=\"177\" \/><\/h1>\n","protected":false},"excerpt":{"rendered":"<p>Als er \u00e9\u00e9n onderwerp is waar de apostelen van Jezus zich druk\u00a0over maakten, dan was het wel het onderwijs over \u2018de nieuwe mens\u2019. Waarom is het toch niet zo\u2019n bekend begrip? Misschien komt het\u00a0omdat onder de vlag van \u2018de nieuwe mens\u2019 een hele wereld nog te ontdekken is. De nieuwe mens is een verzamelbegrip. Veel [&hellip;]<\/p>\n","protected":false},"author":1,"featured_media":0,"parent":75,"menu_order":0,"comment_status":"closed","ping_status":"closed","template":"","meta":{"footnotes":""},"_links":{"self":[{"href":"http:\/\/healingroomskatwijkeo.nl\/index.php?rest_route=\/wp\/v2\/pages\/113"}],"collection":[{"href":"http:\/\/healingroomskatwijkeo.nl\/index.php?rest_route=\/wp\/v2\/pages"}],"about":[{"href":"http:\/\/healingroomskatwijkeo.nl\/index.php?rest_route=\/wp\/v2\/types\/page"}],"author":[{"embeddable":true,"href":"http:\/\/healingroomskatwijkeo.nl\/index.php?rest_route=\/wp\/v2\/users\/1"}],"replies":[{"embeddable":true,"href":"http:\/\/healingroomskatwijkeo.nl\/index.php?rest_route=%2Fwp%2Fv2%2Fcomments&post=113"}],"version-history":[{"count":1,"href":"http:\/\/healingroomskatwijkeo.nl\/index.php?rest_route=\/wp\/v2\/pages\/113\/revisions"}],"predecessor-version":[{"id":115,"href":"http:\/\/healingroomskatwijkeo.nl\/index.php?rest_route=\/wp\/v2\/pages\/113\/revisions\/115"}],"up":[{"embeddable":true,"href":"http:\/\/healingroomskatwijkeo.nl\/index.php?rest_route=\/wp\/v2\/pages\/75"}],"wp:attachment":[{"href":"http:\/\/healingroomskatwijkeo.nl\/index.php?rest_route=%2Fwp%2Fv2%2Fmedia&parent=113"}],"curies":[{"name":"wp","href":"https:\/\/api.w.org\/{rel}","templated":true}]}}